{"id":1426,"date":"2022-11-25T17:27:48","date_gmt":"2022-11-25T16:27:48","guid":{"rendered":"https:\/\/maenner.liri.ch\/?page_id=1426"},"modified":"2025-11-29T17:03:16","modified_gmt":"2025-11-29T16:03:16","slug":"ideen","status":"publish","type":"page","link":"https:\/\/maenner.liri.ch\/?page_id=1426","title":{"rendered":"Ideen"},"content":{"rendered":"\n<figure style=\"font-size:15px\" class=\"wp-block-table\"><table><tbody><tr><td>Kaiserb\u00fchne <\/td><td><\/td><td><\/td><td><\/td><\/tr><tr><td>Biketour 1-3 Tage<\/td><td><\/td><td><\/td><td><\/td><\/tr><tr><td>Sozialer Stadtrundgang<\/td><td><\/td><td><\/td><td><\/td><\/tr><tr><td>F\u00fchrung HB ZH<\/td><td><\/td><td><\/td><td><\/td><\/tr><tr><td>F\u00fchrung Flughafen ZH<\/td><td><\/td><td><\/td><td><\/td><\/tr><tr><td>T\u00f6fflitour<\/td><td><\/td><td><\/td><td><\/td><\/tr><tr><td>F\u00fchrung Kloster Muri<\/td><td><\/td><td><\/td><td><\/td><\/tr><tr><td>Degustation K\u00e4se<\/td><td><\/td><td><\/td><td><\/td><\/tr><tr><td>Gartencenter Zulauf Schinznach<\/td><td><\/td><td><\/td><td><\/td><\/tr><tr><td>F\u00fchrung NEAT<\/td><td><\/td><td><\/td><td><\/td><\/tr><tr><td>Paraplegiker Nottwil<\/td><td><\/td><td><\/td><td><\/td><\/tr><tr><td>Kochkurs<\/td><td><\/td><td><\/td><td><\/td><\/tr><tr><td>Bergwerk Herznach<\/td><td><\/td><td><\/td><td><\/td><\/tr><tr><td>Umweltarena Spreitenbach<\/td><td><\/td><td><\/td><td><\/td><\/tr><tr><td>Strohmuseum Wohlen<\/td><td><\/td><td><\/td><td><\/td><\/tr><\/tbody><\/table><\/figure>\n","protected":false},"excerpt":{"rendered":"<p>Kaiserb\u00fchne Biketour 1-3 Tage Sozialer Stadtrundgang F\u00fchrung HB ZH F\u00fchrung Flughafen ZH T\u00f6fflitour F\u00fchrung Kloster Muri Degustation K\u00e4se Gartencenter Zulauf Schinznach F\u00fchrung NEAT Paraplegiker Nottwil Kochkurs Bergwerk Herznach Umweltarena Spreitenbach Strohmuseum Wohlen<\/p>\n","protected":false},"author":1,"featured_media":0,"parent":0,"menu_order":0,"comment_status":"closed","ping_status":"closed","template":"","meta":{"footnotes":""},"class_list":["post-1426","page","type-page","status-publish","hentry","post-preview"],"jetpack_sharing_enabled":true,"_links":{"self":[{"href":"https:\/\/maenner.liri.ch\/index.php?rest_route=\/wp\/v2\/pages\/1426","targetHints":{"allow":["GET"]}}],"collection":[{"href":"https:\/\/maenner.liri.ch\/index.php?rest_route=\/wp\/v2\/pages"}],"about":[{"href":"https:\/\/maenner.liri.ch\/index.php?rest_route=\/wp\/v2\/types\/page"}],"author":[{"embeddable":true,"href":"https:\/\/maenner.liri.ch\/index.php?rest_route=\/wp\/v2\/users\/1"}],"replies":[{"embeddable":true,"href":"https:\/\/maenner.liri.ch\/index.php?rest_route=%2Fwp%2Fv2%2Fcomments&post=1426"}],"version-history":[{"count":11,"href":"https:\/\/maenner.liri.ch\/index.php?rest_route=\/wp\/v2\/pages\/1426\/revisions"}],"predecessor-version":[{"id":2422,"href":"https:\/\/maenner.liri.ch\/index.php?rest_route=\/wp\/v2\/pages\/1426\/revisions\/2422"}],"wp:attachment":[{"href":"https:\/\/maenner.liri.ch\/index.php?rest_route=%2Fwp%2Fv2%2Fmedia&parent=1426"}],"curies":[{"name":"wp","href":"https:\/\/api.w.org\/{rel}","templated":true}]}}